{"id":13,"date":"2015-01-07T13:46:21","date_gmt":"2015-01-07T13:46:21","guid":{"rendered":"http:\/\/\/?page_id=13"},"modified":"2015-12-06T20:16:25","modified_gmt":"2015-12-06T20:16:25","slug":"der-keller","status":"publish","type":"page","link":"https:\/\/listwein.at\/der-keller\/","title":{"rendered":"Der Keller"},"content":{"rendered":"<div class=\"wpb-content-wrapper\"><p>[vc_row][vc_column width=&#8220;1\/2&#8243;][vc_column_text]Unser Keller ist ausgestattet mit aktuellster Technik, die uns erm\u00f6glicht, das vom Boden Gewachsene in die Flasche zu bringen. Die Technik bietet uns viele M\u00f6glichkeiten, jedoch m\u00fcssen nicht alle auch zwingend richtig und n\u00f6tig sein. Deshalb achten wir penibel darauf, den Einsatz der Technik auf ein Minimum zu reduzieren. Wir h\u00f6ren auf die Weine, lassen sie Wein sein und geben ihnen die Zeit, die sie nur brauchen.<\/p>\n<p>Wir haben auch Weine, die mehr verlangen, als wir in unserem modernen Keller bieten k\u00f6nnen. Sie verlagen ein St\u00fcck Natur um sich.<\/p>\n<p>Unsere Rotweine werden alle in kleinen 300 Liter Holzf\u00e4ssern ausgebaut. Zudem werden die reifsten Burgundertrauben vom Grassnitzberg ebenfalls in Holzf\u00e4ssern vergoren.[\/vc_column_text][\/vc_column][vc_column width=&#8220;1\/2&#8243;]<div class=\"image_with_text\"><img decoding=\"async\" src=\"https:\/\/listwein.at\/wp-content\/uploads\/2015\/03\/Bild-041.jpg\" alt=\"\" \/><h3 ><\/h3><span style=\"margin: 6px 0px;\" class=\"separator transparent\"><\/span><\/div>[\/vc_column][\/vc_row]<\/p>\n<\/div>","protected":false},"excerpt":{"rendered":"<p>[vc_row][vc_column width=&#8220;1\/2&#8243;][vc_column_text]Unser Keller ist ausgestattet mit aktuellster Technik, die uns erm\u00f6glicht, das vom Boden Gewachsene in die Flasche zu bringen. Die Technik bietet uns viele M\u00f6glichkeiten, jedoch m\u00fcssen nicht alle auch zwingend richtig und n\u00f6tig sein. Deshalb achten wir penibel darauf, den Einsatz der Technik&#8230;<\/p>\n","protected":false},"author":2,"featured_media":86,"parent":0,"menu_order":0,"comment_status":"open","ping_status":"open","template":"","meta":{"_acf_changed":false,"footnotes":"","_links_to":"","_links_to_target":""},"class_list":["post-13","page","type-page","status-publish","has-post-thumbnail","hentry"],"acf":[],"yoast_head":"<!-- This site is optimized with the Yoast SEO plugin v27.0 - https:\/\/yoast.com\/product\/yoast-seo-wordpress\/ -->\n<title>Der Keller - Listwein<\/title>\n<meta name=\"robots\" content=\"index, follow, max-snippet:-1, max-image-preview:large, max-video-preview:-1\" \/>\n<link rel=\"canonical\" href=\"https:\/\/listwein.at\/der-keller\/\" \/>\n<meta property=\"og:locale\" content=\"de_DE\" \/>\n<meta property=\"og:type\" content=\"article\" \/>\n<meta property=\"og:title\" content=\"Der Keller - Listwein\" \/>\n<meta property=\"og:description\" content=\"[vc_row][vc_column width=&#8220;1\/2&#8243;][vc_column_text]Unser Keller ist ausgestattet mit aktuellster Technik, die uns erm\u00f6glicht, das vom Boden Gewachsene in die Flasche zu bringen. Die Technik bietet uns viele M\u00f6glichkeiten, jedoch m\u00fcssen nicht alle auch zwingend richtig und n\u00f6tig sein. Deshalb achten wir penibel darauf, den Einsatz der Technik...\" \/>\n<meta property=\"og:url\" content=\"https:\/\/listwein.at\/der-keller\/\" \/>\n<meta property=\"og:site_name\" content=\"Listwein\" \/>\n<meta property=\"article:modified_time\" content=\"2015-12-06T20:16:25+00:00\" \/>\n<meta property=\"og:image\" content=\"https:\/\/listwein.at\/wp-content\/uploads\/2015\/01\/keller.jpg\" \/>\n\t<meta property=\"og:image:width\" content=\"500\" \/>\n\t<meta property=\"og:image:height\" content=\"1010\" \/>\n\t<meta property=\"og:image:type\" content=\"image\/jpeg\" \/>\n<meta name=\"twitter:label1\" content=\"Gesch\u00e4tzte Lesezeit\" \/>\n\t<meta name=\"twitter:data1\" content=\"1\u00a0Minute\" \/>\n<script type=\"application\/ld+json\" class=\"yoast-schema-graph\">{\"@context\":\"https:\/\/schema.org\",\"@graph\":[{\"@type\":\"WebPage\",\"@id\":\"https:\/\/listwein.at\/der-keller\/\",\"url\":\"https:\/\/listwein.at\/der-keller\/\",\"name\":\"Der Keller - Listwein\",\"isPartOf\":{\"@id\":\"https:\/\/listwein.at\/#website\"},\"primaryImageOfPage\":{\"@id\":\"https:\/\/listwein.at\/der-keller\/#primaryimage\"},\"image\":{\"@id\":\"https:\/\/listwein.at\/der-keller\/#primaryimage\"},\"thumbnailUrl\":\"https:\/\/listwein.at\/wp-content\/uploads\/2015\/01\/keller.jpg\",\"datePublished\":\"2015-01-07T13:46:21+00:00\",\"dateModified\":\"2015-12-06T20:16:25+00:00\",\"breadcrumb\":{\"@id\":\"https:\/\/listwein.at\/der-keller\/#breadcrumb\"},\"inLanguage\":\"de\",\"potentialAction\":[{\"@type\":\"ReadAction\",\"target\":[\"https:\/\/listwein.at\/der-keller\/\"]}]},{\"@type\":\"ImageObject\",\"inLanguage\":\"de\",\"@id\":\"https:\/\/listwein.at\/der-keller\/#primaryimage\",\"url\":\"https:\/\/listwein.at\/wp-content\/uploads\/2015\/01\/keller.jpg\",\"contentUrl\":\"https:\/\/listwein.at\/wp-content\/uploads\/2015\/01\/keller.jpg\",\"width\":500,\"height\":1010,\"caption\":\"weinkeller\"},{\"@type\":\"BreadcrumbList\",\"@id\":\"https:\/\/listwein.at\/der-keller\/#breadcrumb\",\"itemListElement\":[{\"@type\":\"ListItem\",\"position\":1,\"name\":\"Home\",\"item\":\"https:\/\/listwein.at\/\"},{\"@type\":\"ListItem\",\"position\":2,\"name\":\"Der Keller\"}]},{\"@type\":\"WebSite\",\"@id\":\"https:\/\/listwein.at\/#website\",\"url\":\"https:\/\/listwein.at\/\",\"name\":\"Listwein\",\"description\":\"Siebing, Grassnitzberg\",\"potentialAction\":[{\"@type\":\"SearchAction\",\"target\":{\"@type\":\"EntryPoint\",\"urlTemplate\":\"https:\/\/listwein.at\/?s={search_term_string}\"},\"query-input\":{\"@type\":\"PropertyValueSpecification\",\"valueRequired\":true,\"valueName\":\"search_term_string\"}}],\"inLanguage\":\"de\"}]}<\/script>\n<!-- \/ Yoast SEO plugin. -->","yoast_head_json":{"title":"Der Keller - Listwein","robots":{"index":"index","follow":"follow","max-snippet":"max-snippet:-1","max-image-preview":"max-image-preview:large","max-video-preview":"max-video-preview:-1"},"canonical":"https:\/\/listwein.at\/der-keller\/","og_locale":"de_DE","og_type":"article","og_title":"Der Keller - Listwein","og_description":"[vc_row][vc_column width=&#8220;1\/2&#8243;][vc_column_text]Unser Keller ist ausgestattet mit aktuellster Technik, die uns erm\u00f6glicht, das vom Boden Gewachsene in die Flasche zu bringen. Die Technik bietet uns viele M\u00f6glichkeiten, jedoch m\u00fcssen nicht alle auch zwingend richtig und n\u00f6tig sein. Deshalb achten wir penibel darauf, den Einsatz der Technik...","og_url":"https:\/\/listwein.at\/der-keller\/","og_site_name":"Listwein","article_modified_time":"2015-12-06T20:16:25+00:00","og_image":[{"width":500,"height":1010,"url":"https:\/\/listwein.at\/wp-content\/uploads\/2015\/01\/keller.jpg","type":"image\/jpeg"}],"twitter_misc":{"Gesch\u00e4tzte Lesezeit":"1\u00a0Minute"},"schema":{"@context":"https:\/\/schema.org","@graph":[{"@type":"WebPage","@id":"https:\/\/listwein.at\/der-keller\/","url":"https:\/\/listwein.at\/der-keller\/","name":"Der Keller - Listwein","isPartOf":{"@id":"https:\/\/listwein.at\/#website"},"primaryImageOfPage":{"@id":"https:\/\/listwein.at\/der-keller\/#primaryimage"},"image":{"@id":"https:\/\/listwein.at\/der-keller\/#primaryimage"},"thumbnailUrl":"https:\/\/listwein.at\/wp-content\/uploads\/2015\/01\/keller.jpg","datePublished":"2015-01-07T13:46:21+00:00","dateModified":"2015-12-06T20:16:25+00:00","breadcrumb":{"@id":"https:\/\/listwein.at\/der-keller\/#breadcrumb"},"inLanguage":"de","potentialAction":[{"@type":"ReadAction","target":["https:\/\/listwein.at\/der-keller\/"]}]},{"@type":"ImageObject","inLanguage":"de","@id":"https:\/\/listwein.at\/der-keller\/#primaryimage","url":"https:\/\/listwein.at\/wp-content\/uploads\/2015\/01\/keller.jpg","contentUrl":"https:\/\/listwein.at\/wp-content\/uploads\/2015\/01\/keller.jpg","width":500,"height":1010,"caption":"weinkeller"},{"@type":"BreadcrumbList","@id":"https:\/\/listwein.at\/der-keller\/#breadcrumb","itemListElement":[{"@type":"ListItem","position":1,"name":"Home","item":"https:\/\/listwein.at\/"},{"@type":"ListItem","position":2,"name":"Der Keller"}]},{"@type":"WebSite","@id":"https:\/\/listwein.at\/#website","url":"https:\/\/listwein.at\/","name":"Listwein","description":"Siebing, Grassnitzberg","potentialAction":[{"@type":"SearchAction","target":{"@type":"EntryPoint","urlTemplate":"https:\/\/listwein.at\/?s={search_term_string}"},"query-input":{"@type":"PropertyValueSpecification","valueRequired":true,"valueName":"search_term_string"}}],"inLanguage":"de"}]}},"_links":{"self":[{"href":"https:\/\/listwein.at\/wp-json\/wp\/v2\/pages\/13","targetHints":{"allow":["GET"]}}],"collection":[{"href":"https:\/\/listwein.at\/wp-json\/wp\/v2\/pages"}],"about":[{"href":"https:\/\/listwein.at\/wp-json\/wp\/v2\/types\/page"}],"author":[{"embeddable":true,"href":"https:\/\/listwein.at\/wp-json\/wp\/v2\/users\/2"}],"replies":[{"embeddable":true,"href":"https:\/\/listwein.at\/wp-json\/wp\/v2\/comments?post=13"}],"version-history":[{"count":0,"href":"https:\/\/listwein.at\/wp-json\/wp\/v2\/pages\/13\/revisions"}],"wp:featuredmedia":[{"embeddable":true,"href":"https:\/\/listwein.at\/wp-json\/wp\/v2\/media\/86"}],"wp:attachment":[{"href":"https:\/\/listwein.at\/wp-json\/wp\/v2\/media?parent=13"}],"curies":[{"name":"wp","href":"https:\/\/api.w.org\/{rel}","templated":true}]}}